{"id":3393,"date":"2019-06-06T13:14:17","date_gmt":"2019-06-06T13:14:17","guid":{"rendered":"https:\/\/rami-system.es\/?page_id=3393"},"modified":"2025-01-29T09:46:37","modified_gmt":"2025-01-29T08:46:37","slug":"unions-for-circular-and-oval-ducts","status":"publish","type":"page","link":"https:\/\/rami-system.es\/en\/unions-for-circular-and-oval-ducts\/","title":{"rendered":"Unions for circular and oval ducts"},"content":{"rendered":"<div class=\"wpb-content-wrapper\"><p>[vc_row css=&#8221;.vc_custom_1453476669810{margin-bottom: 15px !important;}&#8221;][vc_column][rev_slider_vc alias=&#8221;slider-cond-circ&#8221;][\/vc_column][\/vc_row][vc_row][vc_column][vc_custom_heading text=&#8221;UNION FLANGES FOR \u201cSPIRO<sup>\u00ae<\/sup>\u201d CIRCULAR DUCT&#8221; use_theme_fonts=&#8221;yes&#8221; el_class=&#8221;title&#8221;][vc_column_text]We manufacture a wide range of union flanges. Available in Galvanized Steel DX51 D + Z Z200 MAC, from \u00d8 100 mm to \u00d8 3,000 mm, in 4 sizes. These are determined according to the stiffness required by each diameter. Standard version with screw lock (optionally with latch lock). All the edges of the frames are finished (without sharp edges). The risk of injury of being cut while handling them is totally eliminated.<\/p>\n<p>Since their design is made up of multiple folds, they have great rigidity while perfectly adapting to the mouth of the duct (no internal undulations = better sealing). The closure &#8220;V&#8221; ring incorporates an M-1 polyethylene sealing gasket (closed cell) that optimizes its energy efficiency.<\/p>\n<p>It is also manufactured on request with the specifications for High Temperature with ceramic gasket M-0 for 1,000 \u00baC with only an increase of 15% over the price of standard flanges. Likewise, the entire range of diameters is manufactured in STAINLESS STEEL AISI 304\/316.<\/p>\n<p>They comply with the airtightness level C, in a test carried out by the BSRIA independent entity, (according to the requirements of the UK HVCA Specification DW 143 &#8211; DW 144).<\/p>\n<p>Its components are also sold separately: \u20ac of a closure &#8220;V&#8221; ring = a \u20ac of 2 flange rings.<\/p>\n<p>PATENTED innovative design. Product totally designed and manufactured in Spain.[\/vc_column_text][\/vc_column][\/vc_row][vc_row][vc_column width=&#8221;1\/2&#8243;][vc_custom_heading text=&#8221;Projects carried out&#8221; use_theme_fonts=&#8221;yes&#8221; el_class=&#8221;title&#8221;][vc_column_text]Duct of \u00d8 1200 mm: belonging to the largest hydroelectric pumping station in Europe (Cortes de Pall\u00e1s &#8211; Valencia).[\/vc_column_text][\/vc_column][vc_column width=&#8221;1\/2&#8243;][vc_single_image image=&#8221;3398&#8243; img_size=&#8221;full&#8221;][\/vc_column][\/vc_row][vc_row][vc_column][vc_custom_heading text=&#8221;DUCTS \u2205 800\u00f71600 mm&#8221; use_theme_fonts=&#8221;yes&#8221; el_class=&#8221;title&#8221;][vc_column_text]Circular Ducts \u00d8 800 \u00f7 1600 mm joined with RAMI-SYSTEM\u00ae flanges in PALMA DE MALLORCA INTERMODAL STATION. Bus station.[\/vc_column_text][vc_row_inner][vc_column_inner][vc_single_image image=&#8221;3403&#8243; img_size=&#8221;full&#8221;][\/vc_column_inner][\/vc_row_inner][vc_column_text]Circular Ducts \u00d8 800 \u00f7 1600 mm joined with RAMI-SYSTEM\u00ae flanges in ESTACI\u00d3 DE SANTS (Barcelona). Train platform area.[\/vc_column_text][vc_single_image image=&#8221;3408&#8243; img_size=&#8221;full&#8221;][vc_single_image image=&#8221;3407&#8243; img_size=&#8221;full&#8221;][vc_column_text]Circular Ducts \u00d8 800 \u00f7 1600 mm joined with RAMI-SYSTEM\u00ae flanges in PALMA DE MALLORCA INTERMODAL STATION. Train Terminal.[\/vc_column_text][vc_single_image image=&#8221;3402&#8243; img_size=&#8221;full&#8221;][\/vc_column][\/vc_row][vc_row][vc_column][vc_custom_heading text=&#8221;DUCTS \u2205 1600&#8243; use_theme_fonts=&#8221;yes&#8221; el_class=&#8221;title&#8221;][vc_column_text]Duct at \u00d8 1600 mm: AMCOR packaging manufacturing company (Alzira &#8211; Valencia).[\/vc_column_text][vc_row_inner][vc_column_inner][vc_single_image image=&#8221;3399&#8243; img_size=&#8221;full&#8221;][\/vc_column_inner][\/vc_row_inner][\/vc_column][\/vc_row][vc_row][vc_column][vc_custom_heading text=&#8221;DUCTS \u2205 1600\/1500&#8243; use_theme_fonts=&#8221;yes&#8221; el_class=&#8221;title&#8221;][vc_column_text]Double-insulated ducts \u00d8 1600\/1500 mm : MERCADONA&#8217;s largest distribution warehouse in Spain (Abrera-Barcelona).[\/vc_column_text][vc_row_inner][vc_column_inner][vc_single_image image=&#8221;3397&#8243; img_size=&#8221;full&#8221;][\/vc_column_inner][\/vc_row_inner][\/vc_column][\/vc_row][vc_row][vc_column][vc_custom_heading text=&#8221;DUCS \u2205 1700&#8243; use_theme_fonts=&#8221;yes&#8221; el_class=&#8221;title&#8221;][vc_column_text]1500 units of \u00d8 1700 mm joint sets for ventilation of AVE train tunnels in FLORENCE (Italy).[\/vc_column_text][vc_row_inner][vc_column_inner][vc_single_image image=&#8221;3406&#8243; img_size=&#8221;full&#8221;][\/vc_column_inner][\/vc_row_inner][\/vc_column][\/vc_row][vc_row][vc_column][vc_custom_heading text=&#8221;DUCTS \u2205 2200&#8243; use_theme_fonts=&#8221;yes&#8221; el_class=&#8221;title&#8221;][vc_column_text]Circular ducts at \u00d8 2200 mm joined with RAMI-SYSTEM\u00ae flanges in tunnels of the AVE train on the TURIN-G\u00c9NOVA line (Italy). Photographs courtesy of TUBO-SYSTEM, S.R.L.[\/vc_column_text][vc_row_inner][vc_column_inner][vc_single_image image=&#8221;3396&#8243; img_size=&#8221;full&#8221;][vc_single_image image=&#8221;3395&#8243; img_size=&#8221;full&#8221;][\/vc_column_inner][\/vc_row_inner][\/vc_column][\/vc_row][vc_row][vc_column][vc_custom_heading text=&#8221;DUCTS \u2205 2500&#8243; use_theme_fonts=&#8221;yes&#8221; el_class=&#8221;title&#8221;][vc_column_text]\u00d8 2500 mm pieces with RAMI-SYSTEM\u00ae flanges for the ventilation installation of the tunnel boring machine of the BARCELONA AVE train.[\/vc_column_text][vc_row_inner][vc_column_inner][vc_single_image image=&#8221;3802&#8243; img_size=&#8221;full&#8221;][\/vc_column_inner][\/vc_row_inner][\/vc_column][\/vc_row][vc_row][vc_column][vc_row_inner][vc_column_inner width=&#8221;1\/2&#8243;][vc_custom_heading text=&#8221;TRANSPORT&#8221; use_theme_fonts=&#8221;yes&#8221; el_class=&#8221;title&#8221;][vc_column_text]Transport of \u00d8 1700 mm flanges to Italy, using 4 trailer trucks.[\/vc_column_text][\/vc_column_inner][vc_column_inner width=&#8221;1\/2&#8243;][vc_single_image image=&#8221;3405&#8243; img_size=&#8221;full&#8221;][\/vc_column_inner][\/vc_row_inner][\/vc_column][\/vc_row][vc_row][vc_column][vc_custom_heading text=&#8221;UNION FLANGES FOR OVAL DUCT&#8221; use_theme_fonts=&#8221;yes&#8221; el_class=&#8221;title&#8221;][vc_empty_space][\/vc_column][vc_column width=&#8221;1\/2&#8243;][vc_empty_space height=&#8221;110px&#8221;][vc_column_text]<\/p>\n<h4 style=\"text-align: right;\"><span style=\"color: #3366ff;\">NEW PRODUCT PRESENTATION IN:<\/span><\/h4>\n<p>[\/vc_column_text][\/vc_column][vc_column width=&#8221;1\/2&#8243;][vc_single_image image=&#8221;3159&#8243; img_size=&#8221;medium&#8221;][\/vc_column][\/vc_row][vc_row][vc_column][vc_row_inner][vc_column_inner width=&#8221;1\/2&#8243;][vc_column_text]<\/p>\n<h4><strong>EFFICIENCY<\/strong><\/h4>\n<p>&nbsp;<\/p>\n<p>We have recently developed and patented an innovative joining system for oval section ducts.<\/p>\n<p>The oval section duct combines the advantages of the better performance of the circular duct with the lower height of the rectangular duct. For this reason, it is recommended for installations that, without having space in height, require maximum efficiency.<\/p>\n<p>&nbsp;<\/p>\n<h4><strong>INNOVATION<\/strong><\/h4>\n<p>&nbsp;<\/p>\n<p>It is composed, like the &#8220;SPIRO\u00ae&#8221; duct flanges, of 2 flange rings and 1 &#8220;V&#8221; closure ring which has a built-in airtight gasket. The splicing of the sections to be joined is done by tightening only 2 nuts. Said 2 closures of the joint are located diagonally opposite. This system evenly distributes the pressure of the sealing gasket over the entire perimeter of the flanges, getting a better energy efficiency.<\/p>\n<p>&nbsp;<\/p>\n<h4><strong>EXCLUSIVENESS<\/strong><\/h4>\n<p>&nbsp;<\/p>\n<p>The joint assembly thus arranged deserves its exclusivity as it is a world novelty, because it allows the installation of the duct &#8220;glued to the ceiling&#8221;, since one closure is accessible from below and the other is screwed laterally using a socket wrench with an extension.<\/p>\n<p>Product totally designed and manufactured in Spain.[\/vc_column_text][\/vc_column_inner][vc_column_inner width=&#8221;1\/2&#8243;][vc_single_image image=&#8221;3411&#8243; img_size=&#8221;full&#8221;][\/vc_column_inner][\/vc_row_inner][\/vc_column][\/vc_row][vc_row][vc_column][vc_custom_heading text=&#8221;RECOMMENDATIONS FOR THE CORRECT USE OF RAMI-SYSTEM<sup>\u00ae<\/sup> OVAL JOINT IN MANUFACTURING AND INSTALLATION&#8221; use_theme_fonts=&#8221;yes&#8221; el_class=&#8221;title&#8221;][vc_column_text]Given that it is a new product that favorably solves the drawbacks of the old oval duct joint systems, we are also faced with the challenge of changing the negative image of this type of joint that forced the duct to separate from the ceiling.<\/p>\n<p>&nbsp;<\/p>\n<h4><strong>Manufacturing:<\/strong><\/h4>\n<p>&nbsp;<\/p>\n<p style=\"font-weight: 400;\">The RAMI-SYSTEM\u00ae oval flange assemblies are supplied matched so that both the assembly of all its components and the complete shipment of all of them can be verified.<\/p>\n<p style=\"font-weight: 400;\">In the first place, the pre-assembly of each of the frames will be carried out and they will be placed whole in their corresponding ends of each section of duct,<\/p>\n<p style=\"font-weight: 400;\">Pay special attention to the pins that join the straight frames with the curved ones. These have to be pressed into the latter (with the help of a hammer) and manually butt into the straight beams. Observe that the continuity between them is correct and without gaps.<\/p>\n<p style=\"font-weight: 400;\">Once the frame is thus presented in the mouth of the duct, it must be fixed (by spot welding, press-joint, screws, etc.), starting with the central part of the curved frames, then the central part of the straight, then all the rest at will. We insist that the fixing points near the ends of each section of straight frame with the curved one, guarantee the perfect continuity between them without separations.<\/p>\n<p style=\"font-weight: 400;\">Then those 4 connection areas between the frames of each mouth will be putty and, where appropriate, for sealing requirements, the entire contour of the frame with the duct. In this way, its correct placement will be terminated.<\/p>\n<p style=\"font-weight: 400;\">This operation will be repeated in the same way for each mouth of each section of duct.<\/p>\n<p style=\"font-weight: 400;\">The ducts, thus prepared, are now ready for assembly at the facility.<\/p>\n<p>&nbsp;<\/p>\n<h4><strong>Assembly:<\/strong><\/h4>\n<p>&nbsp;<\/p>\n<p>Starting from an already assembled section, it is placed on top of its entire contour and near the next frame to be joined by the assembly of the closing V with the 2 loosened screws and with the lower screw positioned farthest from the wall.<\/p>\n<p>The following sections to be spliced \u200b\u200bwill be presented and the frames to be joined will be perfectly joined. Then, the V will be appropriately moved over them and the 2 screws will be tightened progressively and simultaneously with the help of a socket wrench with an extension for the one in the upper part of the duct (or that is less accessible).<\/p>\n<p>The rigidity of these joints, together with clamps on the stringers, allows installations with a high level of watertightness and a perfect aesthetic finish for exposed pipes.<\/p>\n<p>With this new system, the duct can be fully docked to the ceiling and its oval shape makes sense: saving space in height with better efficiency than the rectangular section.[\/vc_column_text][vc_empty_space][\/vc_column][\/vc_row][vc_row][vc_column][vc_custom_heading text=&#8221;SPIRO<sup>\u00ae<\/sup> DOUBLE-DUCT SEPARATOR RUBBER&#8221; use_theme_fonts=&#8221;yes&#8221; el_class=&#8221;title&#8221;][vc_empty_space][\/vc_column][\/vc_row][vc_row][vc_column width=&#8221;1\/2&#8243;][vc_empty_space height=&#8221;110px&#8221;][vc_column_text]<\/p>\n<h4 style=\"text-align: right;\"><span style=\"color: #3366ff;\">NEW PRODUCT PRESENTATION IN:<\/span><\/h4>\n<p>[\/vc_column_text][\/vc_column][vc_column width=&#8221;1\/2&#8243;][vc_single_image image=&#8221;3159&#8243; img_size=&#8221;large&#8221;][\/vc_column][\/vc_row][vc_row][vc_column][vc_row_inner][vc_column_inner width=&#8221;1\/2&#8243;][vc_column_text]<\/p>\n<h4><strong>INNOVATION<\/strong><\/h4>\n<p>&nbsp;<\/p>\n<p>Applicable in insulated double tubes, made up of straight sections and concentric accessories of equal length, with a difference between the inside and outside diameter of 50 m \/ m.<br \/>\nIt is made of M-1 rubber material.<br \/>\nInnovative PATENTED system that completely eliminates the thermal bridge between the inner and outer ducts.<\/p>\n<p>&nbsp;<\/p>\n<h4><strong>EFFICIENCY<\/strong><\/h4>\n<p>&nbsp;<\/p>\n<p>The joint assembly thus assembled has a double watertight gasket: the first is the one formed by the 2 facing frames with their corresponding rubber gaskets and the second is the one that closes the assembly by means of the closing &#8220;V&#8221; with its sealing gasket. polyethylene that is incorporated inside. The result obtained in this type of joint is a maximum tightness level (CLASS-D level), the maximum energy efficiency.<\/p>\n<p>&nbsp;<\/p>\n<h4><strong>QUALITY<\/strong><\/h4>\n<p>&nbsp;<\/p>\n<p>Stability tests have been carried out between the fixation of the two tubes, placing a 3-meter section vertically. and suspending the assembly only from the outer tube. Several jerky movements have been made to certify that the spacer gasket holds the inner tube tightly in position.[\/vc_column_text][\/vc_column_inner][vc_column_inner width=&#8221;1\/2&#8243;][vc_single_image image=&#8221;3066&#8243; img_size=&#8221;large&#8221;][vc_single_image image=&#8221;3111&#8243; img_size=&#8221;4023&#215;3024&#8243;][vc_single_image image=&#8221;3135&#8243; img_size=&#8221;4023&#215;3024&#8243;][\/vc_column_inner][\/vc_row_inner][\/vc_column][\/vc_row][vc_row][vc_column][vc_custom_heading text=&#8221;RUBBER GASKET FOR THE UNION OF STAMPED ACCESSORIES&#8221; use_theme_fonts=&#8221;yes&#8221; el_class=&#8221;title&#8221;][vc_row_inner][vc_column_inner width=&#8221;1\/2&#8243;][vc_column_text]In addition to the RAMI-SYSTEM\u00ae flanges and &#8220;SPIRO\u00ae&#8221; pipe diameter installations, we have the RUBBER SEAL JOINT (with double lip).<\/p>\n<p>We have 2 options: with and without adhesive.<\/p>\n<p>Applicable to join the stamped accessories with the &#8220;SPIRO\u00ae&#8221; tube.<\/p>\n<p>Complies with the Class D airtightness level for the maximum energy efficiency.<\/p>\n<p>&nbsp;<\/p>\n<h4><strong>WITH THIS TYPE OF JOINT YOU BENEFIT FROM 3 ADVANTAGES:<\/strong><\/h4>\n<p>&nbsp;<\/p>\n<ul>\n<li>It simplifies the accessories in your stock to a single type, without duplicating them (with gasket and others without gasket).<\/li>\n<li>Therefore your investment costs are reduced.<\/li>\n<li>On the job site you can transform an accessory without a joint into another with a joint quickly and efficiently.<\/li>\n<\/ul>\n<p>Due to the proximity of inaccessible walls or corners on the opposite side of the tube, sealing is impossible. This method becomes your best solution.<\/p>\n<p>We recommend its use up to 300 mm in diameter.[\/vc_column_text][\/vc_column_inner][vc_column_inner width=&#8221;1\/2&#8243;][vc_single_image image=&#8221;3412&#8243; img_size=&#8221;full&#8221;][\/vc_column_inner][\/vc_row_inner][\/vc_column][\/vc_row]<\/p>\n<\/div>","protected":false},"excerpt":{"rendered":"<p>[vc_row css=&#8221;.vc_custom_1453476669810{margin-bottom: 15px !important;}&#8221;][vc_column][rev_slider_vc alias=&#8221;slider-cond-circ&#8221;][\/vc_column][\/vc_row][vc_row][vc_column][vc_custom_heading text=&#8221;UNION FLANGES FOR \u201cSPIRO\u00ae\u201d CIRCULAR DUCT&#8221; use_theme_fonts=&#8221;yes&#8221; el_class=&#8221;title&#8221;][vc_column_text]We manufacture a wide range of union flanges. &hellip;<\/p>\n","protected":false},"author":1,"featured_media":0,"parent":0,"menu_order":0,"comment_status":"closed","ping_status":"closed","template":"","meta":{"footnotes":""},"class_list":["post-3393","page","type-page","status-publish","hentry"],"_links":{"self":[{"href":"https:\/\/rami-system.es\/en\/wp-json\/wp\/v2\/pages\/3393","targetHints":{"allow":["GET"]}}],"collection":[{"href":"https:\/\/rami-system.es\/en\/wp-json\/wp\/v2\/pages"}],"about":[{"href":"https:\/\/rami-system.es\/en\/wp-json\/wp\/v2\/types\/page"}],"author":[{"embeddable":true,"href":"https:\/\/rami-system.es\/en\/wp-json\/wp\/v2\/users\/1"}],"replies":[{"embeddable":true,"href":"https:\/\/rami-system.es\/en\/wp-json\/wp\/v2\/comments?post=3393"}],"version-history":[{"count":4,"href":"https:\/\/rami-system.es\/en\/wp-json\/wp\/v2\/pages\/3393\/revisions"}],"predecessor-version":[{"id":9142,"href":"https:\/\/rami-system.es\/en\/wp-json\/wp\/v2\/pages\/3393\/revisions\/9142"}],"wp:attachment":[{"href":"https:\/\/rami-system.es\/en\/wp-json\/wp\/v2\/media?parent=3393"}],"curies":[{"name":"wp","href":"https:\/\/api.w.org\/{rel}","templated":true}]}}