{"id":3468,"date":"2019-07-03T14:58:15","date_gmt":"2019-07-03T14:58:15","guid":{"rendered":"https:\/\/rami-system.es\/?page_id=3468"},"modified":"2022-08-12T14:01:06","modified_gmt":"2022-08-12T12:01:06","slug":"hvac-accessories","status":"publish","type":"page","link":"https:\/\/rami-system.es\/en\/hvac-accessories\/","title":{"rendered":"HVAC Accessories"},"content":{"rendered":"<div class=\"wpb-content-wrapper\"><p>[vc_row][vc_column width=&#8221;1\/2&#8243;][vc_custom_heading text=&#8221;SELF-ADHESIVE ELASTOMERIC INSULATING FOAM&#8221; use_theme_fonts=&#8221;yes&#8221; el_class=&#8221;title&#8221;][vc_column_text]Elastomeric self-adhesive foam for the insulation of metal ducts. Available in different thicknesses of 6 mm, 9 mm, 19 mm and 32 mm. Also available with aluminum coating.<\/p>\n<p><strong>SOME TECHNICAL DATA:<\/strong><\/p>\n<p>Density per section 40-60 Kg \/ m\u00b3.<\/p>\n<p>Thermal conductivity of 0 \u00baC \u03bb &lt;0.034 W \/ M.K. Reaction to fire TS EN 13501-1, B_ s3- d0.<\/p>\n<p>Maximum temperature of +110 <sup>o<\/sup>C and minimum of -40 <sup>o<\/sup>C.<\/p>\n<p>Resisteance to diffusion of water steam\u00a0\u03bc \u2265 10,000<\/p>\n<h4><\/h4>\n<p>[\/vc_column_text][\/vc_column][vc_column width=&#8221;1\/2&#8243;][vc_single_image image=&#8221;3074&#8243; img_size=&#8221;large&#8221;][\/vc_column][\/vc_row][vc_row][vc_column width=&#8221;1\/2&#8243;][vc_single_image image=&#8221;3075&#8243; img_size=&#8221;large&#8221;][\/vc_column][vc_column width=&#8221;1\/2&#8243;][vc_custom_heading text=&#8221;REINFORCEMENT BRACES&#8221; use_theme_fonts=&#8221;yes&#8221; el_class=&#8221;title&#8221;][vc_column_text]Interior brace reinforcement for rectangular duct.<\/p>\n<p>In large ducts it is used as internal reinforcement to ensure its rigidity.[\/vc_column_text][\/vc_column][\/vc_row][vc_row][vc_column width=&#8221;1\/2&#8243;][vc_custom_heading text=&#8221;STAMPED ACCESSORIES FOR CIRCULAR DUCT&#8221; use_theme_fonts=&#8221;yes&#8221; el_class=&#8221;title&#8221;][vc_column_text]We have recently incorporated a complete range of stamped accessories for circular ducts that, for quality, price and availability, offer the best supply option that currently exists in the Spanish market.<\/p>\n<p>Manufactured in the EU with an exceptional quality level.<\/p>\n<p>We have the 2 options: with and without rubber.[\/vc_column_text][\/vc_column][vc_column width=&#8221;1\/2&#8243;][vc_single_image image=&#8221;2683&#8243; img_size=&#8221;full&#8221;][\/vc_column][\/vc_row][vc_row][vc_column width=&#8221;1\/2&#8243;][vc_single_image image=&#8221;2751&#8243; img_size=&#8221;full&#8221;][\/vc_column][vc_column width=&#8221;1\/2&#8243;][vc_custom_heading text=&#8221;RUBBER JOINT&#8221; use_theme_fonts=&#8221;yes&#8221; el_class=&#8221;title&#8221;][vc_column_text]Rubber joint for circular duct accessories.<\/p>\n<p>It converts one standard accessory into one with rubber at the moment. You will save the duplication of stocks.<\/p>\n<p>Ultra-fast assembly, no need for any additional fixing elements.<\/p>\n<p>Supplied in rolls of 100 ml M-1, black color.<\/p>\n<p>It has a double rubber lip to ensure an optimum level of airtightness: Class D. It seals automatically around the perimeter, even in cases of proximity of the tube, for example, to a corner.<\/p>\n<p>Two versions: with and without interior adhesive.<\/p>\n<p>Patented model.[\/vc_column_text][\/vc_column][\/vc_row][vc_row][vc_column width=&#8221;1\/2&#8243;][vc_custom_heading text=&#8221;BASES AND ACCESSORIES FOR STRUCTURES&#8221; use_theme_fonts=&#8221;yes&#8221; el_class=&#8221;title&#8221;][vc_column_text]Elements to form ideal support structures for roofs with machinery and pipes, with other usages such as stairs, etc.<\/p>\n<p>Safe and stable supports, waterproof, non-slip and with good anti-vibration behavior. Easy to install without the need of prior training, it guarantees perfect leveling thanks to the adjustable feet.[\/vc_column_text][\/vc_column][vc_column width=&#8221;1\/2&#8243;][vc_single_image image=&#8221;2745&#8243; img_size=&#8221;full&#8221;][\/vc_column][\/vc_row][vc_row][vc_column width=&#8221;1\/2&#8243;][vc_single_image image=&#8221;3473&#8243; img_size=&#8221;full&#8221;][\/vc_column][vc_column width=&#8221;1\/2&#8243;][vc_custom_heading text=&#8221;ACRYLIC AND REFRACTORY PUTTY&#8221; use_theme_fonts=&#8221;yes&#8221; el_class=&#8221;title&#8221;][vc_column_text]Special putties for sealing ducts.<\/p>\n<p>Acrylic and Refractory with properties to withstand high temperatures.[\/vc_column_text][\/vc_column][\/vc_row][vc_row][vc_column width=&#8221;1\/2&#8243;][vc_custom_heading text=&#8221;GALVANIZED IN COLD SPRAY PAINT&#8221; use_theme_fonts=&#8221;yes&#8221; el_class=&#8221;title&#8221;][vc_column_text]Zinc Paint in Spray.<\/p>\n<p>Shiny finish.<\/p>\n<p>Fast dry.<\/p>\n<p>Can of 400 ml.[\/vc_column_text][\/vc_column][vc_column width=&#8221;1\/2&#8243;][vc_single_image image=&#8221;3502&#8243; img_size=&#8221;200&#215;400&#8243; alignment=&#8221;center&#8221;][\/vc_column][\/vc_row][vc_row][vc_column width=&#8221;1\/2&#8243;][vc_single_image image=&#8221;3501&#8243; img_size=&#8221;full&#8221;][\/vc_column][vc_column width=&#8221;1\/2&#8243;][vc_custom_heading text=&#8221;BEAM CLAMP&#8221; use_theme_fonts=&#8221;yes&#8221; el_class=&#8221;title&#8221;][vc_column_text]With different sizes for different weights.<\/p>\n<p>Materials: galvanized cast steel and stainless steel.[\/vc_column_text][\/vc_column][\/vc_row][vc_row][vc_column width=&#8221;1\/2&#8243;][vc_custom_heading text=&#8221;DUCT SUSPENSION CLAMPS&#8221; use_theme_fonts=&#8221;yes&#8221; el_class=&#8221;title&#8221;][vc_column_text]Clamps for the support of circular ducts.<\/p>\n<p>Normal and isophonic (striated rubber band).<\/p>\n<p>Diameters from 80 mm to 1250 mm with welded hose with double thread pitch.<\/p>\n<p>The lugs of each semicircle are for M-8 screws and incorporate the rapid fixing system.[\/vc_column_text][\/vc_column][vc_column width=&#8221;1\/2&#8243;][vc_single_image image=&#8221;3500&#8243; img_size=&#8221;full&#8221;][\/vc_column][\/vc_row][vc_row][vc_column width=&#8221;1\/2&#8243;][vc_single_image image=&#8221;3499&#8243; img_size=&#8221;full&#8221;][\/vc_column][vc_column width=&#8221;1\/2&#8243;][vc_custom_heading text=&#8221;RUBBER AND SPRING ANTI-VIBRATORS&#8221; use_theme_fonts=&#8221;yes&#8221; el_class=&#8221;title&#8221;][vc_column_text]Two types: compression and tension.<\/p>\n<p>For machinery suspension applications in general.[\/vc_column_text][\/vc_column][\/vc_row][vc_row][vc_column width=&#8221;1\/2&#8243;][vc_custom_heading text=&#8221;ANTI-VIBRATION SUPPORTS&#8221; use_theme_fonts=&#8221;yes&#8221; el_class=&#8221;title&#8221;][vc_column_text]Anti-vibration supports with a rubber pad and washer.<\/p>\n<p>Made of galvanized steel of 2 mm thickness.<\/p>\n<p>Types: T &#8211; L &#8211; Z &#8211; U &#8211; V &#8211; W<\/p>\n<p>Applicable for rectangular duct (upper and lower part) and for circular duct.[\/vc_column_text][\/vc_column][vc_column width=&#8221;1\/2&#8243;][vc_single_image image=&#8221;3498&#8243; img_size=&#8221;full&#8221;][\/vc_column][\/vc_row][vc_row][vc_column width=&#8221;1\/2&#8243;][vc_single_image image=&#8221;3496&#8243; img_size=&#8221;full&#8221;][\/vc_column][vc_column width=&#8221;1\/2&#8243;][vc_custom_heading text=&#8221;SELF-ADHESIVE NAILS&#8221; use_theme_fonts=&#8221;yes&#8221; el_class=&#8221;title&#8221;][vc_column_text]Self-adhesive nails, for insulation securing.<\/p>\n<p>Ideal for placement on site[\/vc_column_text][\/vc_column][\/vc_row][vc_row][vc_column width=&#8221;1\/2&#8243;][vc_custom_heading text=&#8221;ANTIVIBRATORY FLEXIBLE DUCT CONNECTORS&#8221; use_theme_fonts=&#8221;yes&#8221; el_class=&#8221;title&#8221;][vc_column_text]<strong>PVC<\/strong>: for standard installations up to 80\u00baC. <strong>Polyurethane<\/strong>: for special installations up to 400\u00baC.<\/p>\n<p><strong>Antistatic<\/strong> flexible duct connectors.<\/p>\n<p>Standard executions of measures 45 &#8211; 60 &#8211; 45 mm.<\/p>\n<p>Connectors of special measures: narrow and wide.<\/p>\n<p>Used to profile the integral joints of 20 and 30 mm.<\/p>\n<p>[\/vc_column_text][\/vc_column][vc_column width=&#8221;1\/2&#8243;][vc_single_image image=&#8221;3495&#8243; img_size=&#8221;full&#8221;][\/vc_column][\/vc_row][vc_row][vc_column width=&#8221;1\/2&#8243;][vc_single_image image=&#8221;3494&#8243; img_size=&#8221;full&#8221;][\/vc_column][vc_column width=&#8221;1\/2&#8243;][vc_custom_heading text=&#8221;PATCHES FOR FLEXIBLE DUCT CONNECTORS OVERLAP&#8221; use_theme_fonts=&#8221;yes&#8221; el_class=&#8221;title&#8221;][vc_column_text]PVC fabric + Fiber.<\/p>\n<p>Self-adhesive on one side with protective paper.<\/p>\n<p>2 measures: 50 \u00d7 60 mm. and 50 \u00d7 100 mm.<\/p>\n<p>Also available on request in rolls of 50 mm. wide and 50 m long with double-sided adhesive.[\/vc_column_text][\/vc_column][\/vc_row][vc_row][vc_column width=&#8221;1\/2&#8243;][vc_custom_heading text=&#8221;PERFORATED TAPE&#8221; use_theme_fonts=&#8221;yes&#8221; el_class=&#8221;title&#8221;][vc_column_text]With round holes (and optionally oval).<\/p>\n<p>Various thicknesses: 0.60 &#8211; 0.90 mm.<\/p>\n<p>Presentation in rolls of 10 and 25 mts.[\/vc_column_text][\/vc_column][vc_column width=&#8221;1\/2&#8243;][vc_single_image image=&#8221;3493&#8243; img_size=&#8221;full&#8221;][\/vc_column][\/vc_row][vc_row][vc_column width=&#8221;1\/2&#8243;][vc_single_image image=&#8221;3492&#8243; img_size=&#8221;full&#8221;][\/vc_column][vc_column width=&#8221;1\/2&#8243;][vc_custom_heading text=&#8221;LOWER SUPPORTS&#8221; use_theme_fonts=&#8221;yes&#8221; el_class=&#8221;title&#8221;][vc_column_text]Supports for rectangular ducts.<\/p>\n<p>Without anti-vibratory rubber.<\/p>\n<p>For the lower part of the duct.[\/vc_column_text][\/vc_column][\/vc_row][vc_row][vc_column width=&#8221;1\/2&#8243;][vc_custom_heading text=&#8221;UPPER SUPPORTS&#8221; use_theme_fonts=&#8221;yes&#8221; el_class=&#8221;title&#8221;][vc_column_text]Supports for rectangular ducts.<\/p>\n<p>Without anti-vibratory rubber.<\/p>\n<p>For the upper part of the duct[\/vc_column_text][\/vc_column][vc_column width=&#8221;1\/2&#8243;][vc_single_image image=&#8221;3491&#8243; img_size=&#8221;full&#8221;][\/vc_column][\/vc_row][vc_row][vc_column width=&#8221;1\/2&#8243;][vc_single_image image=&#8221;3490&#8243; img_size=&#8221;full&#8221;][\/vc_column][vc_column width=&#8221;1\/2&#8243;][vc_custom_heading text=&#8221;PROFILES FOR SUPPORT&#8221; use_theme_fonts=&#8221;yes&#8221; el_class=&#8221;title&#8221;][vc_column_text]3 Sizes: 20 \u00d7 10 \u00d7 1, 40 \u00d7 20 \u00d7 1,5, 40 \u00d7 40 \u00d7 1,5.<\/p>\n<p>Special threaded nuts M-6 and M-8 for its internal sliding.[\/vc_column_text][\/vc_column][\/vc_row][vc_row][vc_column width=&#8221;1\/2&#8243;][vc_custom_heading text=&#8221;WALL SUPPORTS&#8221; use_theme_fonts=&#8221;yes&#8221; el_class=&#8221;title&#8221;][vc_column_text]2 Lengths: 450 mm. and 600 mm.<\/p>\n<p>For profiles 41 \u00d7 41 \u00d7 1,5[\/vc_column_text][\/vc_column][vc_column width=&#8221;1\/2&#8243;][vc_single_image image=&#8221;3489&#8243; img_size=&#8221;full&#8221;][\/vc_column][\/vc_row][vc_row][vc_column width=&#8221;1\/2&#8243;][vc_single_image image=&#8221;2752&#8243; img_size=&#8221;full&#8221;][\/vc_column][vc_column width=&#8221;1\/2&#8243;][vc_custom_heading text=&#8221;NAILS WELDING MACHINE&#8221; use_theme_fonts=&#8221;yes&#8221; el_class=&#8221;title&#8221;][vc_column_text]Machines for welding nails by discharge of condenser, for securing the interior and exterior insulation.<\/p>\n<p>Easy and fast use. With magnetic head.<\/p>\n<p>Valid for all nail length measurements.[\/vc_column_text][\/vc_column][\/vc_row][vc_row][vc_column width=&#8221;1\/2&#8243;][vc_custom_heading text=&#8221;AIRTIGHTENESS TEST MACHINE&#8221; use_theme_fonts=&#8221;yes&#8221; el_class=&#8221;title&#8221;][vc_column_text]Machines for airtightness testing in ducts.<\/p>\n<p>Lindab Leakage Tester LT600<\/p>\n<p>Up to 7,000 Pa. Of positive or negative pressure.<\/p>\n<p>Automatic rapport printing.<\/p>\n<p>Simple, fast and effective.[\/vc_column_text][\/vc_column][vc_column width=&#8221;1\/2&#8243;][vc_single_image image=&#8221;3488&#8243; img_size=&#8221;full&#8221;][\/vc_column][\/vc_row][vc_row][vc_column width=&#8221;1\/2&#8243;][vc_single_image image=&#8221;3487&#8243; img_size=&#8221;full&#8221;][\/vc_column][vc_column width=&#8221;1\/2&#8243;][vc_custom_heading text=&#8221;DAMPER REGULATION CONTROLS&#8221; use_theme_fonts=&#8221;yes&#8221; el_class=&#8221;title&#8221;][vc_column_text]Dampers controls for regulation gates<\/p>\n<p>(several models for all sizes).[\/vc_column_text][\/vc_column][\/vc_row][vc_row][vc_column width=&#8221;1\/2&#8243;][vc_custom_heading text=&#8221;SUPPORT BOLTS&#8221; use_theme_fonts=&#8221;yes&#8221; el_class=&#8221;title&#8221;][vc_column_text]Support bolts of M-8 and M-10.<\/p>\n<p>For the support of rectangular ducts from the same connecting screw between sections.[\/vc_column_text][\/vc_column][vc_column width=&#8221;1\/2&#8243;][vc_single_image image=&#8221;3486&#8243; img_size=&#8221;full&#8221;][\/vc_column][\/vc_row][vc_row][vc_column width=&#8221;1\/2&#8243;][vc_single_image image=&#8221;3503&#8243; img_size=&#8221;full&#8221;][\/vc_column][vc_column width=&#8221;1\/2&#8243;][vc_custom_heading text=&#8221;SCREWS&#8221; use_theme_fonts=&#8221;yes&#8221; el_class=&#8221;title&#8221;][vc_column_text]Self-drilling screws, studs, washers, connection hoses, screws and nuts, threaded rods of 1, 2 and 3 meters; etc.[\/vc_column_text][\/vc_column][\/vc_row][vc_row][vc_column width=&#8221;1\/2&#8243;][vc_custom_heading text=&#8221;GASKETS&#8221; use_theme_fonts=&#8221;yes&#8221; el_class=&#8221;title&#8221;][vc_column_text]Sealing for duct tightness with improved energy efficiency:<\/p>\n<p>Polyethylene, Closed Cell, M-1 (self-extinguishing), Self-adhesive for installations with a temperature lower than 80\u00baC. Various measures<\/p>\n<p>Ceramic Gasket, M-0 (flame retardant), Self-adhesive for installations with temperature up to 1,000\u00baC[\/vc_column_text][\/vc_column][vc_column width=&#8221;1\/2&#8243;][vc_single_image image=&#8221;3485&#8243; img_size=&#8221;full&#8221;][\/vc_column][\/vc_row][vc_row][vc_column width=&#8221;1\/2&#8243;][vc_single_image image=&#8221;3484&#8243; img_size=&#8221;full&#8221;][\/vc_column][vc_column width=&#8221;1\/2&#8243;][vc_custom_heading text=&#8221;FLANGE CLAMP FOR RECTANGULAR DUCT&#8221; use_theme_fonts=&#8221;yes&#8221; el_class=&#8221;title&#8221;][vc_column_text]Two Types: Bolt and Sliding.<\/p>\n<h5><strong>Bolt:<\/strong><\/h5>\n<p>They are for universal use (ECO and APPROVED)<\/p>\n<h5><strong>Sliding:<\/strong><\/h5>\n<p>Exclusive use for the RAMI-SYSTEM\u00ae unions<\/p>\n<p>[\/vc_column_text][\/vc_column][\/vc_row][vc_row][vc_column width=&#8221;1\/2&#8243;][vc_custom_heading text=&#8221;RUBBER STUDS&#8221; use_theme_fonts=&#8221;yes&#8221; el_class=&#8221;title&#8221;][vc_column_text]Rubber studs with their corresponding washer.<\/p>\n<p>For various applications[\/vc_column_text][\/vc_column][vc_column width=&#8221;1\/2&#8243;][vc_single_image image=&#8221;3483&#8243; img_size=&#8221;full&#8221;][\/vc_column][\/vc_row][vc_row][vc_column width=&#8221;1\/2&#8243;][vc_single_image image=&#8221;2749&#8243; img_size=&#8221;full&#8221;][\/vc_column][vc_column width=&#8221;1\/2&#8243;][vc_custom_heading text=&#8221;RIVETS FOR DEFLECTORS&#8221; use_theme_fonts=&#8221;yes&#8221; el_class=&#8221;title&#8221;][vc_column_text]For quick fixation of turning vanes at the curves of the ducts.<\/p>\n<p>It remarkably simplifies the assembly of turning vanes, being fixed quickly and securely in one operation.[\/vc_column_text][\/vc_column][\/vc_row][vc_row][vc_column width=&#8221;1\/2&#8243;][vc_custom_heading text=&#8221;IRIS DAMPER&#8221; use_theme_fonts=&#8221;yes&#8221; el_class=&#8221;title&#8221;][vc_column_text]In order to control air volume and measure pressure.<\/p>\n<p>For standard diameters from 80 mm. up to 800 mm.[\/vc_column_text][\/vc_column][vc_column width=&#8221;1\/2&#8243;][vc_single_image image=&#8221;3481&#8243; img_size=&#8221;full&#8221;][\/vc_column][\/vc_row][vc_row][vc_column width=&#8221;1\/2&#8243;][vc_single_image image=&#8221;2748&#8243; img_size=&#8221;full&#8221;][\/vc_column][vc_column width=&#8221;1\/2&#8243;][vc_custom_heading text=&#8221;SUPLY AIR VALVES&#8221; use_theme_fonts=&#8221;yes&#8221; el_class=&#8221;title&#8221;][vc_column_text]Two options: Plastic and Stainless steel.[\/vc_column_text][\/vc_column][\/vc_row][vc_row][vc_column width=&#8221;1\/2&#8243;][vc_custom_heading text=&#8221;EXHAUST AIR VALVES&#8221; use_theme_fonts=&#8221;yes&#8221; el_class=&#8221;title&#8221;][vc_column_text]Automatic operation by flow control.[\/vc_column_text][\/vc_column][vc_column width=&#8221;1\/2&#8243;][vc_single_image image=&#8221;2750&#8243; img_size=&#8221;full&#8221;][\/vc_column][\/vc_row][vc_row][vc_column width=&#8221;1\/2&#8243;][vc_single_image image=&#8221;3478&#8243; img_size=&#8221;full&#8221;][\/vc_column][vc_column width=&#8221;1\/2&#8243;][vc_custom_heading text=&#8221;CIRCULAR STRAIGHT SLEEVES&#8221; use_theme_fonts=&#8221;yes&#8221; el_class=&#8221;title&#8221;][vc_column_text]Composed in a single piece of cloth (without overlap) and 2 adjustable AISI 430 stainless steel clamps.<\/p>\n<p>They are manufactured in standard quality, high temperature and antistatic.[\/vc_column_text][\/vc_column][\/vc_row][vc_row][vc_column width=&#8221;1\/2&#8243;][vc_custom_heading text=&#8221;STEEL WIRE SUSPENSION KIT&#8221; use_theme_fonts=&#8221;yes&#8221; el_class=&#8221;title&#8221;][vc_column_text]It includes the fast adjustable suspension unit and a 2 mm steel wire.[\/vc_column_text][\/vc_column][vc_column width=&#8221;1\/2&#8243;][vc_single_image image=&#8221;2757&#8243; img_size=&#8221;full&#8221;][\/vc_column][\/vc_row][vc_row][vc_column width=&#8221;1\/2&#8243;][vc_single_image image=&#8221;3476&#8243; img_size=&#8221;full&#8221;][\/vc_column][vc_column width=&#8221;1\/2&#8243;][vc_custom_heading text=&#8221;INSULATION PANEL FIXING SPRING&#8221; use_theme_fonts=&#8221;yes&#8221; el_class=&#8221;title&#8221;][vc_column_text]Ideal for fixing the overlap of the insulation panels on the outside of the rectangular metal ducts.[\/vc_column_text][\/vc_column][\/vc_row][vc_row][vc_column width=&#8221;1\/2&#8243;][vc_custom_heading text=&#8221;STAINLESS STEEL FASTENING BAND &amp; LOCKING DEVICE&#8221; use_theme_fonts=&#8221;yes&#8221; el_class=&#8221;title&#8221;][vc_column_text]Supplied in bags of one roll of fastening band (30 meters) and 10 locking devices.[\/vc_column_text][\/vc_column][vc_column width=&#8221;1\/2&#8243;][vc_single_image image=&#8221;2755&#8243; img_size=&#8221;full&#8221;][\/vc_column][\/vc_row][vc_row][vc_column width=&#8221;1\/2&#8243;][vc_single_image image=&#8221;3474&#8243; img_size=&#8221;full&#8221;][\/vc_column][vc_column width=&#8221;1\/2&#8243;][vc_custom_heading text=&#8221;HAND-OPERATED TOOLS FOR METAL SHEET&#8221; use_theme_fonts=&#8221;yes&#8221; el_class=&#8221;title&#8221;][vc_column_text]\u00abMALCO\u00bb (U.S.A.) hand tools for the metal sheet work.<\/p>\n<ul>\n<li>Scissors for cutting insulation foam.<\/li>\n<li>Pliers for opening drills on metal sheets.<\/li>\n<li>Aviation snips for cutting sheet metal.<\/li>\n<li>Crimper to make tube notches.<\/li>\n<li>Pincers for tightening and cutting nylon flanges<\/li>\n<\/ul>\n<p>[\/vc_column_text][\/vc_column][\/vc_row]<\/p>\n<\/div>","protected":false},"excerpt":{"rendered":"<p>[vc_row][vc_column width=&#8221;1\/2&#8243;][vc_custom_heading text=&#8221;SELF-ADHESIVE ELASTOMERIC INSULATING FOAM&#8221; use_theme_fonts=&#8221;yes&#8221; el_class=&#8221;title&#8221;][vc_column_text]Elastomeric self-adhesive foam for the insulation of metal ducts. Available in different thicknesses &hellip;<\/p>\n","protected":false},"author":1,"featured_media":0,"parent":0,"menu_order":0,"comment_status":"closed","ping_status":"closed","template":"","meta":{"footnotes":""},"class_list":["post-3468","page","type-page","status-publish","hentry"],"_links":{"self":[{"href":"https:\/\/rami-system.es\/en\/wp-json\/wp\/v2\/pages\/3468","targetHints":{"allow":["GET"]}}],"collection":[{"href":"https:\/\/rami-system.es\/en\/wp-json\/wp\/v2\/pages"}],"about":[{"href":"https:\/\/rami-system.es\/en\/wp-json\/wp\/v2\/types\/page"}],"author":[{"embeddable":true,"href":"https:\/\/rami-system.es\/en\/wp-json\/wp\/v2\/users\/1"}],"replies":[{"embeddable":true,"href":"https:\/\/rami-system.es\/en\/wp-json\/wp\/v2\/comments?post=3468"}],"version-history":[{"count":3,"href":"https:\/\/rami-system.es\/en\/wp-json\/wp\/v2\/pages\/3468\/revisions"}],"predecessor-version":[{"id":7534,"href":"https:\/\/rami-system.es\/en\/wp-json\/wp\/v2\/pages\/3468\/revisions\/7534"}],"wp:attachment":[{"href":"https:\/\/rami-system.es\/en\/wp-json\/wp\/v2\/media?parent=3468"}],"curies":[{"name":"wp","href":"https:\/\/api.w.org\/{rel}","templated":true}]}}