{"id":3786,"date":"2019-08-06T14:38:42","date_gmt":"2019-08-06T14:38:42","guid":{"rendered":"https:\/\/rami-system.es\/?page_id=3786"},"modified":"2021-08-31T12:21:33","modified_gmt":"2021-08-31T10:21:33","slug":"projects","status":"publish","type":"page","link":"https:\/\/rami-system.es\/en\/projects\/","title":{"rendered":"Projects"},"content":{"rendered":"<div class=\"wpb-content-wrapper\"><p>[vc_row][vc_column][vc_custom_heading text=&#8221;OUR PROJECTS&#8221; use_theme_fonts=&#8221;yes&#8221; el_class=&#8221;title&#8221;][vc_empty_space height=&#8221;15&#8243;][vc_column_text]RAMI-SYSTEM\u00ae products are a key part of many of the ventilation or air conditioning installations of buildings, structures, machines, etc&#8230;<\/p>\n<p>Below, you can see a selection of some of the projects in which RAMI-SYSTEM\u00ae products have been used and are actively present with total success of efficiency, durability and safety[\/vc_column_text][\/vc_column][\/vc_row][vc_row css=&#8221;.vc_custom_1453297416098{margin-bottom: 60px !important;}&#8221;][vc_column]<div class=\"projects\"><ul class='filter'><li><button data-filter=\"*\" class=\"selected\">All projects<\/button><\/li><li><button data-filter=\"installations\">Installations<\/button><\/li><li><button data-filter=\"factories\">Factories<\/button><\/li><li><button data-filter=\"industry\">Industry<\/button><\/li><li><button data-filter=\"civil-work\">Civil Work<\/button><\/li><li><button data-filter=\"tests\">Tests<\/button><\/li><li><button data-filter=\"ensayos\">Ensayos<\/button><\/li><\/ul><div class='row projects-content'><div class='projects-item tests col-md-4 col-xs-6'><div class='projects-item-wrap'><img decoding=\"async\" src=\"https:\/\/rami-system.es\/wp-content\/uploads\/2022\/06\/GIRONA-2-359x283.jpg\" alt=\"\" title=\"\"><div class=\"project-hover-bg\"><\/div><div class=\"project-hover\"><h3 class='project-title text-uppercase'>Girona Test 2<\/h3><p class='project-desc'>[vc_row][vc_column][vc_column_text]Airtightness test in pharmaceutic laboratories in Girona. The type of test was Class C, pressure -750 Pa.[\/vc_column_text][\/vc_column][\/vc_row]<\/p><a class='btn btn-md' href='https:\/\/rami-system.es\/en\/portfolio\/girona-test-2\/'>Read more<\/a><\/div><\/div><\/div><div class='projects-item tests col-md-4 col-xs-6'><div class='projects-item-wrap'><img decoding=\"async\" src=\"https:\/\/rami-system.es\/wp-content\/uploads\/2022\/01\/MALLORCA-7-359x283.jpg\" alt=\"\" title=\"\"><div class=\"project-hover-bg\"><\/div><div class=\"project-hover\"><h3 class='project-title text-uppercase'>Mallorca Test 7<\/h3><p class='project-desc'>[vc_row][vc_column][vc_column_text]Airtightness test in Hospital of Palma de Mallorca. The type of test was Class C, pressure -750 Pa. The type &hellip;<\/p><a class='btn btn-md' href='https:\/\/rami-system.es\/en\/portfolio\/mallorca-test-7\/'>Read more<\/a><\/div><\/div><\/div><div class='projects-item tests col-md-4 col-xs-6'><div class='projects-item-wrap'><img decoding=\"async\" src=\"https:\/\/rami-system.es\/wp-content\/uploads\/2022\/01\/MALLORCA-6-359x283.jpg\" alt=\"\" title=\"\"><div class=\"project-hover-bg\"><\/div><div class=\"project-hover\"><h3 class='project-title text-uppercase'>Mallorca Test 6<\/h3><p class='project-desc'>[vc_row][vc_column][vc_column_text]Airtightness test in Hospital of Palma de Mallorca. The type of test was Class C, pressure -750 Pa. The type &hellip;<\/p><a class='btn btn-md' href='https:\/\/rami-system.es\/en\/portfolio\/mallorca-test-6\/'>Read more<\/a><\/div><\/div><\/div><div class='projects-item tests col-md-4 col-xs-6'><div class='projects-item-wrap'><img decoding=\"async\" src=\"https:\/\/rami-system.es\/wp-content\/uploads\/2022\/01\/MALLORCA-5-359x283.jpg\" alt=\"\" title=\"\"><div class=\"project-hover-bg\"><\/div><div class=\"project-hover\"><h3 class='project-title text-uppercase'>Mallorca Test 5<\/h3><p class='project-desc'>[vc_row][vc_column][vc_column_text]Airtightness test in\u00a0Hospital of Palma de Mallorca. The type of test was Class C, pressure -750 Pa. The type of &hellip;<\/p><a class='btn btn-md' href='https:\/\/rami-system.es\/en\/portfolio\/mallorca-test-5\/'>Read more<\/a><\/div><\/div><\/div><div class='projects-item tests col-md-4 col-xs-6'><div class='projects-item-wrap'><img decoding=\"async\" src=\"https:\/\/rami-system.es\/wp-content\/uploads\/2022\/01\/BARCELONA-11-359x283.jpg\" alt=\"\" title=\"\"><div class=\"project-hover-bg\"><\/div><div class=\"project-hover\"><h3 class='project-title text-uppercase'>Barcelona Test 11<\/h3><p class='project-desc'>[vc_row][vc_column][vc_column_text]Airtightness test performed in a building\u2019s parking in Barcelona. The type of test was Class B, pressure -500 Pa. The &hellip;<\/p><a class='btn btn-md' href='https:\/\/rami-system.es\/en\/portfolio\/barcelona-test-11\/'>Read more<\/a><\/div><\/div><\/div><div class='projects-item tests col-md-4 col-xs-6'><div class='projects-item-wrap'><img decoding=\"async\" src=\"https:\/\/rami-system.es\/wp-content\/uploads\/2022\/01\/BARCELONA-10-359x283.jpg\" alt=\"\" title=\"\"><div class=\"project-hover-bg\"><\/div><div class=\"project-hover\"><h3 class='project-title text-uppercase'>Barcelona Test 10<\/h3><p class='project-desc'>[vc_row][vc_column][vc_column_text]Airtightness test performed in\u00a0a building\u2019s parking in\u00a0Barcelona. The type of test was Class A, pressure -200 Pa. The type of &hellip;<\/p><a class='btn btn-md' href='https:\/\/rami-system.es\/en\/portfolio\/barcelona-test-10\/'>Read more<\/a><\/div><\/div><\/div><div class='projects-item tests col-md-4 col-xs-6'><div class='projects-item-wrap'><img decoding=\"async\" src=\"https:\/\/rami-system.es\/wp-content\/uploads\/2022\/01\/BARCELONA-9-359x283.jpg\" alt=\"\" title=\"\"><div class=\"project-hover-bg\"><\/div><div class=\"project-hover\"><h3 class='project-title text-uppercase'>Barcelona Test 9<\/h3><p class='project-desc'>[vc_row][vc_column][vc_column_text]Airtightness test in Hospital of Barcelona city. The type of test was Class C-2, pressure +1000 Pa[\/vc_column_text][\/vc_column][\/vc_row]<\/p><a class='btn btn-md' href='https:\/\/rami-system.es\/en\/portfolio\/barcelona-test-9\/'>Read more<\/a><\/div><\/div><\/div><div class='projects-item tests col-md-4 col-xs-6'><div class='projects-item-wrap'><img decoding=\"async\" src=\"https:\/\/rami-system.es\/wp-content\/uploads\/2022\/01\/BARCELONA-8-359x283.jpg\" alt=\"\" title=\"\"><div class=\"project-hover-bg\"><\/div><div class=\"project-hover\"><h3 class='project-title text-uppercase'>Barcelona Test 8<\/h3><p class='project-desc'>[vc_row][vc_column][vc_column_text]Airtightness test performed in\u00a0a building\u2019s parking in Barcelona. The type of test was Class A, pressure -200 Pa.[\/vc_column_text][\/vc_column][\/vc_row]<\/p><a class='btn btn-md' href='https:\/\/rami-system.es\/en\/portfolio\/barcelona-test-8\/'>Read more<\/a><\/div><\/div><\/div><div class='projects-item tests col-md-4 col-xs-6'><div class='projects-item-wrap'><img decoding=\"async\" src=\"https:\/\/rami-system.es\/wp-content\/uploads\/2022\/01\/BARCELONA-7-359x283.jpg\" alt=\"\" title=\"\"><div class=\"project-hover-bg\"><\/div><div class=\"project-hover\"><h3 class='project-title text-uppercase'>Barcelona Test 7<\/h3><p class='project-desc'>[vc_row][vc_column][vc_column_text]Airtightness test performed in\u00a0a building\u2019s parking in Barcelona. The type of test was Class B-2, pressure +1000 Pa[\/vc_column_text][\/vc_column][\/vc_row]<\/p><a class='btn btn-md' href='https:\/\/rami-system.es\/en\/portfolio\/barcelona-test-7\/'>Read more<\/a><\/div><\/div><\/div><div class='projects-item tests col-md-4 col-xs-6'><div class='projects-item-wrap'><img decoding=\"async\" src=\"https:\/\/rami-system.es\/wp-content\/uploads\/2022\/01\/BARCELONA-6-359x283.jpg\" alt=\"\" title=\"\"><div class=\"project-hover-bg\"><\/div><div class=\"project-hover\"><h3 class='project-title text-uppercase'>Barcelona Test 6<\/h3><p class='project-desc'>[vc_row][vc_column][vc_column_text]Airtightness test performed in\u00a0a building\u2019s parking in Barcelona. The type of test was Class B, pressure -750 Pa. The type &hellip;<\/p><a class='btn btn-md' href='https:\/\/rami-system.es\/en\/portfolio\/barcelona-test-6\/'>Read more<\/a><\/div><\/div><\/div><div class='projects-item tests col-md-4 col-xs-6'><div class='projects-item-wrap'><img decoding=\"async\" src=\"https:\/\/rami-system.es\/wp-content\/uploads\/2022\/01\/BARCELONA-5-359x283.jpg\" alt=\"\" title=\"\"><div class=\"project-hover-bg\"><\/div><div class=\"project-hover\"><h3 class='project-title text-uppercase'>Barcelona Test 5<\/h3><p class='project-desc'>[vc_row][vc_column][vc_column_text]Airtightness test performed in\u00a0a building\u2019s parking in Barcelona. The type of test was Class B, pressure -750 Pa. The type &hellip;<\/p><a class='btn btn-md' href='https:\/\/rami-system.es\/en\/portfolio\/barcelona-test-5\/'>Read more<\/a><\/div><\/div><\/div><div class='projects-item tests col-md-4 col-xs-6'><div class='projects-item-wrap'><img decoding=\"async\" src=\"https:\/\/rami-system.es\/wp-content\/uploads\/2022\/01\/MALLORCA-4-359x283.jpg\" alt=\"\" title=\"\"><div class=\"project-hover-bg\"><\/div><div class=\"project-hover\"><h3 class='project-title text-uppercase'>Mallorca Test 4<\/h3><p class='project-desc'>[vc_row][vc_column][vc_column_text]Airtightness test performed in a building&#8217;s parking in Palma de Mallorca. The type of test was Class A, pressure -200 &hellip;<\/p><a class='btn btn-md' href='https:\/\/rami-system.es\/en\/portfolio\/mallorca-test-4\/'>Read more<\/a><\/div><\/div><\/div><div class='projects-item tests col-md-4 col-xs-6'><div class='projects-item-wrap'><img decoding=\"async\" src=\"https:\/\/rami-system.es\/wp-content\/uploads\/2022\/01\/VALENCIA-4-359x283.jpg\" alt=\"\" title=\"\"><div class=\"project-hover-bg\"><\/div><div class=\"project-hover\"><h3 class='project-title text-uppercase'>Valencia Test 4<\/h3><p class='project-desc'>[vc_row][vc_column][vc_column_text]Airtightness test in isolated ducts in Hospital of Valencia city. The type of test was Class B, pressure -500 Pa. &hellip;<\/p><a class='btn btn-md' href='https:\/\/rami-system.es\/en\/portfolio\/valencia-test-4\/'>Read more<\/a><\/div><\/div><\/div><div class='projects-item tests col-md-4 col-xs-6'><div class='projects-item-wrap'><img decoding=\"async\" src=\"https:\/\/rami-system.es\/wp-content\/uploads\/2021\/06\/VALENCIA-3-359x283.jpg\" alt=\"\" title=\"\"><div class=\"project-hover-bg\"><\/div><div class=\"project-hover\"><h3 class='project-title text-uppercase'>Valencia Test 3<\/h3><p class='project-desc'>[vc_row][vc_column][vc_column_text]Airtightness test in isolated ducts in Hospital of Valencia city. The type of test was Class B-2, pressure+1000 Pa.[\/vc_column_text][\/vc_column][\/vc_row]<\/p><a class='btn btn-md' href='https:\/\/rami-system.es\/en\/portfolio\/valencia-test-3\/'>Read more<\/a><\/div><\/div><\/div><div class='projects-item tests col-md-4 col-xs-6'><div class='projects-item-wrap'><img decoding=\"async\" src=\"https:\/\/rami-system.es\/wp-content\/uploads\/2021\/05\/VALENCIA-2-359x283.jpg\" alt=\"\" title=\"\"><div class=\"project-hover-bg\"><\/div><div class=\"project-hover\"><h3 class='project-title text-uppercase'>Valencia Test 2<\/h3><p class='project-desc'>[vc_row][vc_column][vc_column_text]Airtightness test in isolated ducts in Hospital of Valencia city. The type of test was Class B-2, pressure +1000 Pa.[\/vc_column_text][\/vc_column][\/vc_row]<\/p><a class='btn btn-md' href='https:\/\/rami-system.es\/en\/portfolio\/valencia-test-2\/'>Read more<\/a><\/div><\/div><\/div><div class='projects-item tests col-md-4 col-xs-6'><div class='projects-item-wrap'><img decoding=\"async\" src=\"https:\/\/rami-system.es\/wp-content\/uploads\/2021\/03\/BARCELONA-4-359x283.jpg\" alt=\"\" title=\"\"><div class=\"project-hover-bg\"><\/div><div class=\"project-hover\"><h3 class='project-title text-uppercase'>Barcelona Test 4<\/h3><p class='project-desc'>[vc_row][vc_column][vc_column_text]Airtightness test in a duct manufacturing workshop in the province of Barcelona. The type of test for the renewal of &hellip;<\/p><a class='btn btn-md' href='https:\/\/rami-system.es\/en\/portfolio\/barcelona-test-4\/'>Read more<\/a><\/div><\/div><\/div><div class='projects-item tests col-md-4 col-xs-6'><div class='projects-item-wrap'><img decoding=\"async\" src=\"https:\/\/rami-system.es\/wp-content\/uploads\/2021\/03\/BARCELONA-3-359x283.jpg\" alt=\"\" title=\"\"><div class=\"project-hover-bg\"><\/div><div class=\"project-hover\"><h3 class='project-title text-uppercase'>Barcelona Test 3<\/h3><p class='project-desc'>[vc_row][vc_column][vc_column_text]Airtightness test in a Pharmaceutical Laboratory in the province of Barcelona. The type of test was Class C-2 in the &hellip;<\/p><a class='btn btn-md' href='https:\/\/rami-system.es\/en\/portfolio\/barcelona-test-3\/'>Read more<\/a><\/div><\/div><\/div><div class='projects-item tests col-md-4 col-xs-6'><div class='projects-item-wrap'><img decoding=\"async\" src=\"https:\/\/rami-system.es\/wp-content\/uploads\/2021\/03\/BARCELONA-2-359x283.jpg\" alt=\"\" title=\"\"><div class=\"project-hover-bg\"><\/div><div class=\"project-hover\"><h3 class='project-title text-uppercase'>Barcelona Test 2<\/h3><p class='project-desc'>[vc_row][vc_column][vc_column_text]Airtightness test in the Pharmaceutical Laboratory located in the province of Barcelona. Airtightness level: CLASS C Flow ducts with Positive &hellip;<\/p><a class='btn btn-md' href='https:\/\/rami-system.es\/en\/portfolio\/barcelona-test-2\/'>Read more<\/a><\/div><\/div><\/div><div class='projects-item tests col-md-4 col-xs-6'><div class='projects-item-wrap'><img decoding=\"async\" src=\"https:\/\/rami-system.es\/wp-content\/uploads\/2021\/03\/HUESCA-359x283.jpg\" alt=\"\" title=\"\"><div class=\"project-hover-bg\"><\/div><div class=\"project-hover\"><h3 class='project-title text-uppercase'>Huesca Test<\/h3><p class='project-desc'>[vc_row][vc_column][vc_column_text]Airtightness test in the logistics warehouse installation of an online sales company, located in the province of Huesca. The type &hellip;<\/p><a class='btn btn-md' href='https:\/\/rami-system.es\/en\/portfolio\/huesca-test\/'>Read more<\/a><\/div><\/div><\/div><div class='projects-item tests col-md-4 col-xs-6'><div class='projects-item-wrap'><img decoding=\"async\" src=\"https:\/\/rami-system.es\/wp-content\/uploads\/2021\/03\/ZARAGOZA-359x283.jpg\" alt=\"\" title=\"\"><div class=\"project-hover-bg\"><\/div><div class=\"project-hover\"><h3 class='project-title text-uppercase'>Zaragoza Test<\/h3><p class='project-desc'>[vc_row][vc_column][vc_column_text]Realizaci\u00f3n del ensayo de estanqueidad en instalaci\u00f3n de almac\u00e9n log\u00edstico de empresa de venta online, situado en la provincia de &hellip;<\/p><a class='btn btn-md' href='https:\/\/rami-system.es\/en\/portfolio\/zaragoza-test\/'>Read more<\/a><\/div><\/div><\/div><\/div><\/div>[\/vc_column][\/vc_row][vc_row full_width=&#8221;stretch_row&#8221; el_class=&#8221;no-bottom-padding-row&#8221; css=&#8221;.vc_custom_1460121197769{background-color: #3498db !important;}&#8221;][vc_column css=&#8221;.vc_custom_1453297356032{padding-top: 0px !important;}&#8221;]<div class=\"download\"><div class='download-content text-uppercase' style='color: #ffffff'><i class='fa fa fa-file-pdf-o'><\/i> DOWNLOAD NOW OUR PRICE LIST &gt;<\/div><a target='_self' href='https:\/\/rami-system.es\/wp-content\/uploads\/2018\/08\/TARIFA_RAMI_2018_V18.1-1.pdf' class='btn btn-md btn-dark btn-shadow'><i class='fa fa fa-cloud-download'><\/i> DOWNLOAD<\/a><\/div>[\/vc_column][\/vc_row]<\/p>\n<\/div>","protected":false},"excerpt":{"rendered":"<p>[vc_row][vc_column][vc_custom_heading text=&#8221;OUR PROJECTS&#8221; use_theme_fonts=&#8221;yes&#8221; el_class=&#8221;title&#8221;][vc_empty_space height=&#8221;15&#8243;][vc_column_text]RAMI-SYSTEM\u00ae products are a key part of many of the ventilation or air conditioning installations &hellip;<\/p>\n","protected":false},"author":1,"featured_media":0,"parent":0,"menu_order":0,"comment_status":"closed","ping_status":"closed","template":"","meta":{"footnotes":""},"class_list":["post-3786","page","type-page","status-publish","hentry"],"_links":{"self":[{"href":"https:\/\/rami-system.es\/en\/wp-json\/wp\/v2\/pages\/3786","targetHints":{"allow":["GET"]}}],"collection":[{"href":"https:\/\/rami-system.es\/en\/wp-json\/wp\/v2\/pages"}],"about":[{"href":"https:\/\/rami-system.es\/en\/wp-json\/wp\/v2\/types\/page"}],"author":[{"embeddable":true,"href":"https:\/\/rami-system.es\/en\/wp-json\/wp\/v2\/users\/1"}],"replies":[{"embeddable":true,"href":"https:\/\/rami-system.es\/en\/wp-json\/wp\/v2\/comments?post=3786"}],"version-history":[{"count":1,"href":"https:\/\/rami-system.es\/en\/wp-json\/wp\/v2\/pages\/3786\/revisions"}],"predecessor-version":[{"id":6116,"href":"https:\/\/rami-system.es\/en\/wp-json\/wp\/v2\/pages\/3786\/revisions\/6116"}],"wp:attachment":[{"href":"https:\/\/rami-system.es\/en\/wp-json\/wp\/v2\/media?parent=3786"}],"curies":[{"name":"wp","href":"https:\/\/api.w.org\/{rel}","templated":true}]}}