{"id":3919,"date":"2019-08-09T09:51:22","date_gmt":"2019-08-09T09:51:22","guid":{"rendered":"https:\/\/rami-system.es\/?page_id=3919"},"modified":"2023-02-22T11:46:50","modified_gmt":"2023-02-22T10:46:50","slug":"news","status":"publish","type":"page","link":"https:\/\/rami-system.es\/en\/news\/","title":{"rendered":"News"},"content":{"rendered":"<div class=\"wpb-content-wrapper\"><p>[vc_row][vc_column]<div class='recent-news row'><div class=\"col-md-12\"><\/div><div class='col-md-4'><article class='post'><header><img decoding=\"async\" width=\"359\" height=\"283\" src=\"https:\/\/rami-system.es\/wp-content\/uploads\/2025\/10\/CR-2025-PORTADA-359x283.jpg\" class=\"attachment-anps-portfolio size-anps-portfolio wp-post-image\" alt=\"\" title=\"\"><\/header><a href='https:\/\/rami-system.es\/en\/salon-de-la-climatizacion-y-refrigeracion-2025\/'><h3 class='post-title'>SAL\u00d3N DE LA CLIMATIZACI\u00d3N Y REFRIGERACI\u00d3N 2025<\/h3><\/a><ul class=\"post-meta\"><li><i class='fa fa-calendar'><\/i><time datetime='2025-10-13 01:06'>13\/10\/2025<\/time><\/li><li><i class='fa fa-commenting-o'><\/i>0 comments<\/li><\/ul><div class=\"post-content\"><div><p>Edici\u00f3n de 2025 del Sal\u00f3n de la Climatizaci\u00f3n y Refrigeraci\u00f3n de Madrid, del 18 <\/p>\n<\/div><a href='https:\/\/rami-system.es\/en\/salon-de-la-climatizacion-y-refrigeracion-2025\/' class='btn btn-md btn-gradient btn-shadow'>Read more<\/a><\/div><\/article><\/div><div class='col-md-4'><article class='post'><header><img decoding=\"async\" width=\"359\" height=\"283\" src=\"https:\/\/rami-system.es\/wp-content\/uploads\/2025\/02\/BANNER-ISH-2025-359x283.jpg\" class=\"attachment-anps-portfolio size-anps-portfolio wp-post-image\" alt=\"\" title=\"\"><\/header><a href='https:\/\/rami-system.es\/en\/ish-2025-frankfurt-germany\/'><h3 class='post-title'>World Trade Fair &#8211; ISH 2025 | Frankfurt | Germany<\/h3><\/a><ul class=\"post-meta\"><li><i class='fa fa-calendar'><\/i><time datetime='2025-02-14 07:48'>14\/02\/2025<\/time><\/li><li><i class='fa fa-commenting-o'><\/i>0 comments<\/li><\/ul><div class=\"post-content\"><div><p>We are preparing for ISH 2025, the world trade fair for HVAC and water in Frankf<\/p>\n<\/div><a href='https:\/\/rami-system.es\/en\/ish-2025-frankfurt-germany\/' class='btn btn-md btn-gradient btn-shadow'>Read more<\/a><\/div><\/article><\/div><div class='col-md-4'><article class='post'><header><img decoding=\"async\" width=\"359\" height=\"283\" src=\"https:\/\/rami-system.es\/wp-content\/uploads\/2024\/02\/MCE-2024-359x283.jpg\" class=\"attachment-anps-portfolio size-anps-portfolio wp-post-image\" alt=\"\" title=\"\"><\/header><a href='https:\/\/rami-system.es\/en\/mce-mostra-convegno-expocomfort-2024\/'><h3 class='post-title'>MCE MOSTRA CONVEGNO EXPOCOMFORT 2024<\/h3><\/a><ul class=\"post-meta\"><li><i class='fa fa-calendar'><\/i><time datetime='2024-02-29 01:52'>29\/02\/2024<\/time><\/li><li><i class='fa fa-commenting-o'><\/i>0 comments<\/li><\/ul><div class=\"post-content\"><div><p>The 43rd edition of the MOSTRA CONVEGNO of Milan in Italy this 2024 will take pl<\/p>\n<\/div><a href='https:\/\/rami-system.es\/en\/mce-mostra-convegno-expocomfort-2024\/' class='btn btn-md btn-gradient btn-shadow'>Read more<\/a><\/div><\/article><\/div><div class='col-md-4'><article class='post'><header><img decoding=\"async\" width=\"359\" height=\"283\" src=\"https:\/\/rami-system.es\/wp-content\/uploads\/2023\/09\/WEB-CLIMATIZACION-2023-jpg-1-359x283.jpg\" class=\"attachment-anps-portfolio size-anps-portfolio wp-post-image\" alt=\"\" title=\"\"><\/header><a href='https:\/\/rami-system.es\/en\/salon-de-la-climatizacion-2023-madrid-espana\/'><h3 class='post-title'>SAL\u00d3N DE LA CLIMATIZACI\u00d3N Y REFRIGERACI\u00d3N 2023<\/h3><\/a><ul class=\"post-meta\"><li><i class='fa fa-calendar'><\/i><time datetime='2023-09-27 10:38'>27\/09\/2023<\/time><\/li><li><i class='fa fa-commenting-o'><\/i>0 comments<\/li><\/ul><div class=\"post-content\"><div><p>2023 edition of the Climatizaci\u00f3n y Refrigeraci\u00f3n event at Madrid, from November<\/p>\n<\/div><a href='https:\/\/rami-system.es\/en\/salon-de-la-climatizacion-2023-madrid-espana\/' class='btn btn-md btn-gradient btn-shadow'>Read more<\/a><\/div><\/article><\/div><div class='col-md-4'><article class='post'><header><img decoding=\"async\" width=\"359\" height=\"283\" src=\"https:\/\/rami-system.es\/wp-content\/uploads\/2023\/02\/BANNER-ISH-2023-720X560-359x283.jpg\" class=\"attachment-anps-portfolio size-anps-portfolio wp-post-image\" alt=\"\" title=\"\"><\/header><a href='https:\/\/rami-system.es\/en\/ish-2023-frankfurt-germany\/'><h3 class='post-title'>World trade fair ISH 2023 | Frankfurt | Germany<\/h3><\/a><ul class=\"post-meta\"><li><i class='fa fa-calendar'><\/i><time datetime='2023-02-20 01:59'>20\/02\/2023<\/time><\/li><li><i class='fa fa-commenting-o'><\/i>0 comments<\/li><\/ul><div class=\"post-content\"><div><p>After a few years absence,  the ISH 2023 world trade fair for HVAC and water ret<\/p>\n<\/div><a href='https:\/\/rami-system.es\/en\/ish-2023-frankfurt-germany\/' class='btn btn-md btn-gradient btn-shadow'>Read more<\/a><\/div><\/article><\/div><div class='col-md-4'><article class='post'><header><img decoding=\"async\" width=\"359\" height=\"283\" src=\"https:\/\/rami-system.es\/wp-content\/uploads\/2022\/09\/INTERCLIMA-2022-359x283.jpg\" class=\"attachment-anps-portfolio size-anps-portfolio wp-post-image\" alt=\"\" title=\"\"><\/header><a href='https:\/\/rami-system.es\/en\/interclima-2022-paris-france\/'><h3 class='post-title'>Salon Interclima 2022  |  Paris  |  France<\/h3><\/a><ul class=\"post-meta\"><li><i class='fa fa-calendar'><\/i><time datetime='2022-09-29 02:45'>29\/09\/2022<\/time><\/li><li><i class='fa fa-commenting-o'><\/i>0 comments<\/li><\/ul><div class=\"post-content\"><div><p>INTERCLIMA returns, after its postponement due to COVID-19, the next days from O<\/p>\n<\/div><a href='https:\/\/rami-system.es\/en\/interclima-2022-paris-france\/' class='btn btn-md btn-gradient btn-shadow'>Read more<\/a><\/div><\/article><\/div><div class='col-md-4'><article class='post'><header><img decoding=\"async\" width=\"359\" height=\"283\" src=\"https:\/\/rami-system.es\/wp-content\/uploads\/2022\/06\/mce2022-359x283.jpg\" class=\"attachment-anps-portfolio size-anps-portfolio wp-post-image\" alt=\"\" title=\"\"><\/header><a href='https:\/\/rami-system.es\/en\/mce-mostra-convegno-expocomfort-2022\/'><h3 class='post-title'>MCE MOSTRA CONVEGNO EXPOCOMFORT 2022<\/h3><\/a><ul class=\"post-meta\"><li><i class='fa fa-calendar'><\/i><time datetime='2022-06-16 11:13'>16\/06\/2022<\/time><\/li><li><i class='fa fa-commenting-o'><\/i>0 comments<\/li><\/ul><div class=\"post-content\"><div><p>NEU 6000, S.A. returns again to the MOSTRA CONVEGNO Fair in Milan in Italy this <\/p>\n<\/div><a href='https:\/\/rami-system.es\/en\/mce-mostra-convegno-expocomfort-2022\/' class='btn btn-md btn-gradient btn-shadow'>Read more<\/a><\/div><\/article><\/div><div class='col-md-4'><article class='post'><header><img decoding=\"async\" width=\"359\" height=\"283\" src=\"https:\/\/rami-system.es\/wp-content\/uploads\/2022\/05\/DSC_4613-359x283.jpg\" class=\"attachment-anps-portfolio size-anps-portfolio wp-post-image\" alt=\"\" title=\"\"><\/header><a href='https:\/\/rami-system.es\/en\/the-most-competitive-e-600-120-test-in-europe\/'><h3 class='post-title'>The most competitive E-600\/120 test in Europe<\/h3><\/a><ul class=\"post-meta\"><li><i class='fa fa-calendar'><\/i><time datetime='2022-05-30 11:02'>30\/05\/2022<\/time><\/li><li><i class='fa fa-commenting-o'><\/i>0 comments<\/li><\/ul><div class=\"post-content\"><div><p>In Martorell on May 25, 2022 &nbsp; Having already reached the 36th anniversary <\/p>\n<\/div><a href='https:\/\/rami-system.es\/en\/the-most-competitive-e-600-120-test-in-europe\/' class='btn btn-md btn-gradient btn-shadow'>Read more<\/a><\/div><\/article><\/div><div class='col-md-4'><article class='post'><header><img decoding=\"async\" width=\"359\" height=\"283\" src=\"https:\/\/rami-system.es\/wp-content\/uploads\/2020\/03\/foto-interclima-2019-2-359x283.jpg\" class=\"attachment-anps-portfolio size-anps-portfolio wp-post-image\" alt=\"\" title=\"\"><\/header><a href='https:\/\/rami-system.es\/en\/interclima-2019-paris-france\/'><h3 class='post-title'>Salon Expo Interclima  2019  |  Paris  |  France<\/h3><\/a><ul class=\"post-meta\"><li><i class='fa fa-calendar'><\/i><time datetime='2019-10-11 07:57'>11\/10\/2019<\/time><\/li><li><i class='fa fa-commenting-o'><\/i>0 comments<\/li><\/ul><div class=\"post-content\"><div><p>In this edition of  INTERCLIMA-PARIS, RAMI-SYSTEM\u00ae, will have a stand with the b<\/p>\n<\/div><a href='https:\/\/rami-system.es\/en\/interclima-2019-paris-france\/' class='btn btn-md btn-gradient btn-shadow'>Read more<\/a><\/div><\/article><\/div><div class='col-md-4'><article class='post'><header><img decoding=\"async\" width=\"359\" height=\"283\" src=\"https:\/\/rami-system.es\/wp-content\/uploads\/2019\/03\/madrid2019-1-359x283.jpg\" class=\"attachment-anps-portfolio size-anps-portfolio wp-post-image\" alt=\"\" title=\"\"><\/header><a href='https:\/\/rami-system.es\/en\/salon-de-la-climatizacion-2019-madrid-spain\/'><h3 class='post-title'>Sal\u00f3n de la Climatizaci\u00f3n 2019 | Madrid | Spain<\/h3><\/a><ul class=\"post-meta\"><li><i class='fa fa-calendar'><\/i><time datetime='2019-08-08 10:48'>08\/08\/2019<\/time><\/li><li><i class='fa fa-commenting-o'><\/i>0 comments<\/li><\/ul><div class=\"post-content\"><div><p>You will be able to count on our RAMI-SYSTEM\u00ae brand for another year at the \u201cSal<\/p>\n<\/div><a href='https:\/\/rami-system.es\/en\/salon-de-la-climatizacion-2019-madrid-spain\/' class='btn btn-md btn-gradient btn-shadow'>Read more<\/a><\/div><\/article><\/div><\/div>[\/vc_column][\/vc_row]<\/p>\n<\/div>","protected":false},"excerpt":{"rendered":"<p>[vc_row][vc_column][\/vc_column][\/vc_row]<\/p>\n","protected":false},"author":1,"featured_media":0,"parent":0,"menu_order":0,"comment_status":"closed","ping_status":"closed","template":"","meta":{"footnotes":""},"class_list":["post-3919","page","type-page","status-publish","hentry"],"_links":{"self":[{"href":"https:\/\/rami-system.es\/en\/wp-json\/wp\/v2\/pages\/3919","targetHints":{"allow":["GET"]}}],"collection":[{"href":"https:\/\/rami-system.es\/en\/wp-json\/wp\/v2\/pages"}],"about":[{"href":"https:\/\/rami-system.es\/en\/wp-json\/wp\/v2\/types\/page"}],"author":[{"embeddable":true,"href":"https:\/\/rami-system.es\/en\/wp-json\/wp\/v2\/users\/1"}],"replies":[{"embeddable":true,"href":"https:\/\/rami-system.es\/en\/wp-json\/wp\/v2\/comments?post=3919"}],"version-history":[{"count":2,"href":"https:\/\/rami-system.es\/en\/wp-json\/wp\/v2\/pages\/3919\/revisions"}],"predecessor-version":[{"id":8145,"href":"https:\/\/rami-system.es\/en\/wp-json\/wp\/v2\/pages\/3919\/revisions\/8145"}],"wp:attachment":[{"href":"https:\/\/rami-system.es\/en\/wp-json\/wp\/v2\/media?parent=3919"}],"curies":[{"name":"wp","href":"https:\/\/api.w.org\/{rel}","templated":true}]}}